{"id":15923,"date":"2016-12-04T19:41:51","date_gmt":"2016-12-05T00:41:51","guid":{"rendered":"https:\/\/sobarnes.com\/votre-projet\/"},"modified":"2019-05-08T12:27:35","modified_gmt":"2019-05-08T17:27:35","slug":"your-project","status":"publish","type":"page","link":"https:\/\/sobarnes.com\/en\/your-project\/","title":{"rendered":"Your project"},"content":{"rendered":"<style>\n#gform_26 {border:2px #616ba7 solid;padding:2% 4% 4% 4%;background-color:#efefef;}\n#gform_wrapper_26 .gform_button {\n\t background-color:#00c7c5;\n\t color:#fff;\n\t border:none;\n\t \/**height:38px!important;\n\t font-size:1.2em!important;\n\t letter-spacing:normal!important;**\/\n\t}\n#gform_wrapper_26 .gform_button:hover {\n\t text-decoration:underline;\n}<\/p>\n<p>.gfield_label  {<br \/>\tdisplay:inline-block!important;<br \/>}<br \/><\/style>\n<p><img src=\"https:\/\/sobarnes.com\/wp-content\/uploads\/2016\/12\/so-barnes-votre-projet-immobilier-1110-5.jpg\" alt=\"so-barnes-votre-projet-immobilier-1110\" width=\"100%\" \/><\/p>\n<h1><span>Your project<\/span><\/h1>\n<div class=\"bk_twothird_onethird bk-shortcode clearfix\"><div class=\"column two_third thirdsc\">             \n            <script type=\"text\/javascript\">var gform;gform||(document.addEventListener(\"gform_main_scripts_loaded\",function(){gform.scriptsLoaded=!0}),window.addEventListener(\"DOMContentLoaded\",function(){gform.domLoaded=!0}),gform={domLoaded:!1,scriptsLoaded:!1,initializeOnLoaded:function(o){gform.domLoaded&&gform.scriptsLoaded?o():!gform.domLoaded&&gform.scriptsLoaded?window.addEventListener(\"DOMContentLoaded\",o):document.addEventListener(\"gform_main_scripts_loaded\",o)},hooks:{action:{},filter:{}},addAction:function(o,n,r,t){gform.addHook(\"action\",o,n,r,t)},addFilter:function(o,n,r,t){gform.addHook(\"filter\",o,n,r,t)},doAction:function(o){gform.doHook(\"action\",o,arguments)},applyFilters:function(o){return gform.doHook(\"filter\",o,arguments)},removeAction:function(o,n){gform.removeHook(\"action\",o,n)},removeFilter:function(o,n,r){gform.removeHook(\"filter\",o,n,r)},addHook:function(o,n,r,t,i){null==gform.hooks[o][n]&&(gform.hooks[o][n]=[]);var e=gform.hooks[o][n];null==i&&(i=n+\"_\"+e.length),gform.hooks[o][n].push({tag:i,callable:r,priority:t=null==t?10:t})},doHook:function(n,o,r){var t;if(r=Array.prototype.slice.call(r,1),null!=gform.hooks[n][o]&&((o=gform.hooks[n][o]).sort(function(o,n){return o.priority-n.priority}),o.forEach(function(o){\"function\"!=typeof(t=o.callable)&&(t=window[t]),\"action\"==n?t.apply(null,r):r[0]=t.apply(null,r)})),\"filter\"==n)return r[0]},removeHook:function(o,n,t,i){var r;null!=gform.hooks[o][n]&&(r=(r=gform.hooks[o][n]).filter(function(o,n,r){return!!(null!=i&&i!=o.tag||null!=t&&t!=o.priority)}),gform.hooks[o][n]=r)}});<\/script>\n                <div class='gf_browser_gecko gform_wrapper gform_legacy_markup_wrapper' id='gform_wrapper_26' ><form method='post' enctype='multipart\/form-data'  id='gform_26'  action='\/en\/wp-json\/wp\/v2\/pages\/15923' >\n                        <div class='gform_body gform-body'><ul id='gform_fields_26' class='gform_fields top_label form_sublabel_below description_below'><li id=\"field_26_1\" class=\"gfield gfield_contains_required field_sublabel_below field_description_above gfield_visibility_visible\" ><label class='gfield_label' for='input_26_1' >You<span class=\"gfield_required\"><span class=\"gfield_required gfield_required_asterisk\">*<\/span><\/span><\/label><div class='ginput_container ginput_container_text'><input name='input_1' id='input_26_1' type='text' value='' class='large'   tabindex='1000'  aria-required=\"true\" aria-invalid=\"false\"   \/> <\/div><\/li><li id=\"field_26_2\" class=\"gfield gfield_contains_required field_sublabel_below field_description_below gfield_visibility_visible\" ><label class='gfield_label' for='input_26_2' >Your E-mail<span class=\"gfield_required\"><span class=\"gfield_required gfield_required_asterisk\">*<\/span><\/span><\/label><div class='ginput_container ginput_container_email'>\n                            <input name='input_2' id='input_26_2' type='text' value='' class='large' tabindex='1001'   aria-required=\"true\" aria-invalid=\"false\"  \/>\n                        <\/div><\/li><li id=\"field_26_3\" class=\"gfield gfield_contains_required field_sublabel_below field_description_below gfield_visibility_visible\" ><label class='gfield_label' for='input_26_3' >Your Phone Number<span class=\"gfield_required\"><span class=\"gfield_required gfield_required_asterisk\">*<\/span><\/span><\/label><div class='ginput_container ginput_container_phone'><input name='input_3' id='input_26_3' type='text' value='' class='large' tabindex='1002'  aria-required=\"true\" aria-invalid=\"false\"   \/><\/div><\/li><li id=\"field_26_11\" class=\"gfield gfield_contains_required field_sublabel_below field_description_below gfield_visibility_visible\" ><label class='gfield_label' for='input_26_11' >Your budget<span class=\"gfield_required\"><span class=\"gfield_required gfield_required_asterisk\">*<\/span><\/span><\/label><div class='ginput_container ginput_container_text'><input name='input_11' id='input_26_11' type='text' value='' class='medium'   tabindex='1003'  aria-required=\"true\" aria-invalid=\"false\"   \/> <\/div><\/li><li id=\"field_26_4\" class=\"gfield gfield_contains_required field_sublabel_below field_description_below gfield_visibility_visible\" ><label class='gfield_label' for='input_26_4' >Your Project<span class=\"gfield_required\"><span class=\"gfield_required gfield_required_asterisk\">*<\/span><\/span><\/label><div class='ginput_container ginput_container_textarea'><textarea name='input_4' id='input_26_4' class='textarea medium' tabindex='1004'    aria-required=\"true\" aria-invalid=\"false\"   rows='10' cols='50'><\/textarea><\/div><\/li><li id=\"field_26_13\" class=\"gfield gf_list_4col field_sublabel_below field_description_below gfield_visibility_visible\" ><label class='gfield_label gfield_label_before_complex'  >Your other favorite destinations:<\/label><div class='ginput_container ginput_container_checkbox'><ul class='gfield_checkbox' id='input_26_13'><li class='gchoice gchoice_26_13_1'>\n\t\t\t\t\t\t\t\t<input class='gfield-choice-input' name='input_13.1' type='checkbox'  value='Inside Paris'  id='choice_26_13_1' tabindex='1005'  \/>\n\t\t\t\t\t\t\t\t<label for='choice_26_13_1' id='label_26_13_1'>Inside Paris<\/label>\n\t\t\t\t\t\t\t<\/li><li class='gchoice gchoice_26_13_2'>\n\t\t\t\t\t\t\t\t<input class='gfield-choice-input' name='input_13.2' type='checkbox'  value='Around Paris'  id='choice_26_13_2' tabindex='1006'  \/>\n\t\t\t\t\t\t\t\t<label for='choice_26_13_2' id='label_26_13_2'>Around Paris<\/label>\n\t\t\t\t\t\t\t<\/li><li class='gchoice gchoice_26_13_3'>\n\t\t\t\t\t\t\t\t<input class='gfield-choice-input' name='input_13.3' type='checkbox'  value='Beautiful France'  id='choice_26_13_3' tabindex='1007'  \/>\n\t\t\t\t\t\t\t\t<label for='choice_26_13_3' id='label_26_13_3'>Beautiful France<\/label>\n\t\t\t\t\t\t\t<\/li><li class='gchoice gchoice_26_13_4'>\n\t\t\t\t\t\t\t\t<input class='gfield-choice-input' name='input_13.4' type='checkbox'  value='Belgium'  id='choice_26_13_4' tabindex='1008'  \/>\n\t\t\t\t\t\t\t\t<label for='choice_26_13_4' id='label_26_13_4'>Belgium<\/label>\n\t\t\t\t\t\t\t<\/li><li class='gchoice gchoice_26_13_5'>\n\t\t\t\t\t\t\t\t<input class='gfield-choice-input' name='input_13.5' type='checkbox'  value='Portugal'  id='choice_26_13_5' tabindex='1009'  \/>\n\t\t\t\t\t\t\t\t<label for='choice_26_13_5' id='label_26_13_5'>Portugal<\/label>\n\t\t\t\t\t\t\t<\/li><li class='gchoice gchoice_26_13_6'>\n\t\t\t\t\t\t\t\t<input class='gfield-choice-input' name='input_13.6' type='checkbox'  value='Spain'  id='choice_26_13_6' tabindex='1010'  \/>\n\t\t\t\t\t\t\t\t<label for='choice_26_13_6' id='label_26_13_6'>Spain<\/label>\n\t\t\t\t\t\t\t<\/li><li class='gchoice gchoice_26_13_7'>\n\t\t\t\t\t\t\t\t<input class='gfield-choice-input' name='input_13.7' type='checkbox'  value='Monaco'  id='choice_26_13_7' tabindex='1011'  \/>\n\t\t\t\t\t\t\t\t<label for='choice_26_13_7' id='label_26_13_7'>Monaco<\/label>\n\t\t\t\t\t\t\t<\/li><li class='gchoice gchoice_26_13_8'>\n\t\t\t\t\t\t\t\t<input class='gfield-choice-input' name='input_13.8' type='checkbox'  value='Switzerland'  id='choice_26_13_8' tabindex='1012'  \/>\n\t\t\t\t\t\t\t\t<label for='choice_26_13_8' id='label_26_13_8'>Switzerland<\/label>\n\t\t\t\t\t\t\t<\/li><li class='gchoice gchoice_26_13_9'>\n\t\t\t\t\t\t\t\t<input class='gfield-choice-input' name='input_13.9' type='checkbox'  value='United Kingdom'  id='choice_26_13_9' tabindex='1013'  \/>\n\t\t\t\t\t\t\t\t<label for='choice_26_13_9' id='label_26_13_9'>United Kingdom<\/label>\n\t\t\t\t\t\t\t<\/li><li class='gchoice gchoice_26_13_11'>\n\t\t\t\t\t\t\t\t<input class='gfield-choice-input' name='input_13.11' type='checkbox'  value='United States'  id='choice_26_13_11' tabindex='1014'  \/>\n\t\t\t\t\t\t\t\t<label for='choice_26_13_11' id='label_26_13_11'>United States<\/label>\n\t\t\t\t\t\t\t<\/li><li class='gchoice gchoice_26_13_12'>\n\t\t\t\t\t\t\t\t<input class='gfield-choice-input' name='input_13.12' type='checkbox'  value='Saint Barts'  id='choice_26_13_12' tabindex='1015'  \/>\n\t\t\t\t\t\t\t\t<label for='choice_26_13_12' id='label_26_13_12'>Saint Barts<\/label>\n\t\t\t\t\t\t\t<\/li><li class='gchoice gchoice_26_13_13'>\n\t\t\t\t\t\t\t\t<input class='gfield-choice-input' name='input_13.13' type='checkbox'  value='Mauritius'  id='choice_26_13_13' tabindex='1016'  \/>\n\t\t\t\t\t\t\t\t<label for='choice_26_13_13' id='label_26_13_13'>Mauritius<\/label>\n\t\t\t\t\t\t\t<\/li><li class='gchoice gchoice_26_13_14'>\n\t\t\t\t\t\t\t\t<input class='gfield-choice-input' name='input_13.14' type='checkbox'  value='Russia'  id='choice_26_13_14' tabindex='1017'  \/>\n\t\t\t\t\t\t\t\t<label for='choice_26_13_14' id='label_26_13_14'>Russia<\/label>\n\t\t\t\t\t\t\t<\/li><li class='gchoice gchoice_26_13_15'>\n\t\t\t\t\t\t\t\t<input class='gfield-choice-input' name='input_13.15' type='checkbox'  value='Morocco'  id='choice_26_13_15' tabindex='1018'  \/>\n\t\t\t\t\t\t\t\t<label for='choice_26_13_15' id='label_26_13_15'>Morocco<\/label>\n\t\t\t\t\t\t\t<\/li><\/ul><\/div><\/li><li id=\"field_26_5\" class=\"gfield field_sublabel_below field_description_below gfield_visibility_hidden\" ><div class='admin-hidden-markup'><i class='gform-icon gform-icon--hidden'><\/i><span>Hidden<\/span><\/div><label class='gfield_label' for='input_26_5' >page_language<\/label><div class='ginput_container ginput_container_text'><input name='input_5' id='input_26_5' type='text' value='' class='medium'   tabindex='1019'   aria-invalid=\"false\"   \/> <\/div><\/li><li id=\"field_26_6\" class=\"gfield field_sublabel_below field_description_below gfield_visibility_hidden\" ><div class='admin-hidden-markup'><i class='gform-icon gform-icon--hidden'><\/i><span>Hidden<\/span><\/div><label class='gfield_label' for='input_26_6' >utm_source<\/label><div class='ginput_container ginput_container_text'><input name='input_6' id='input_26_6' type='text' value='' class='medium'   tabindex='1020'   aria-invalid=\"false\"   \/> <\/div><\/li><li id=\"field_26_7\" class=\"gfield field_sublabel_below field_description_below gfield_visibility_hidden\" ><div class='admin-hidden-markup'><i class='gform-icon gform-icon--hidden'><\/i><span>Hidden<\/span><\/div><label class='gfield_label' for='input_26_7' >utm_medium<\/label><div class='ginput_container ginput_container_text'><input name='input_7' id='input_26_7' type='text' value='' class='medium'   tabindex='1021'   aria-invalid=\"false\"   \/> <\/div><\/li><li id=\"field_26_8\" class=\"gfield field_sublabel_below field_description_below gfield_visibility_hidden\" ><div class='admin-hidden-markup'><i class='gform-icon gform-icon--hidden'><\/i><span>Hidden<\/span><\/div><label class='gfield_label' for='input_26_8' >utm_campaign<\/label><div class='ginput_container ginput_container_text'><input name='input_8' id='input_26_8' type='text' value='' class='medium'   tabindex='1022'   aria-invalid=\"false\"   \/> <\/div><\/li><li id=\"field_26_9\" class=\"gfield field_sublabel_below field_description_below gfield_visibility_hidden\" ><div class='admin-hidden-markup'><i class='gform-icon gform-icon--hidden'><\/i><span>Hidden<\/span><\/div><label class='gfield_label' for='input_26_9' >utm_content<\/label><div class='ginput_container ginput_container_text'><input name='input_9' id='input_26_9' type='text' value='' class='medium'   tabindex='1023'   aria-invalid=\"false\"   \/> <\/div><\/li><li id=\"field_26_10\" class=\"gfield field_sublabel_below field_description_below gfield_visibility_hidden\" ><div class='admin-hidden-markup'><i class='gform-icon gform-icon--hidden'><\/i><span>Hidden<\/span><\/div><label class='gfield_label' for='input_26_10' >utm_term<\/label><div class='ginput_container ginput_container_text'><input name='input_10' id='input_26_10' type='text' value='' class='medium'   tabindex='1024'   aria-invalid=\"false\"   \/> <\/div><\/li><\/ul><\/div>\n        <div class='gform_footer top_label'> <input type='submit' id='gform_submit_button_26' class='gform_button button' value='Send' tabindex='1025' onclick='if(window[\"gf_submitting_26\"]){return false;}  window[\"gf_submitting_26\"]=true;  ' onkeypress='if( event.keyCode == 13 ){ if(window[\"gf_submitting_26\"]){return false;} window[\"gf_submitting_26\"]=true;  jQuery(\"#gform_26\").trigger(\"submit\",[true]); }' \/> \n            <input type='hidden' class='gform_hidden' name='is_submit_26' value='1' \/>\n            <input type='hidden' class='gform_hidden' name='gform_submit' value='26' \/>\n            \n            <input type='hidden' class='gform_hidden' name='gform_unique_id' value='' \/>\n            <input type='hidden' class='gform_hidden' name='state_26' value='WyJbXSIsIjU0MDQ5MDVjMzMxZjUxNTA0ZDIwOTJhZjBjZTcwNTEyIl0=' \/>\n            <input type='hidden' class='gform_hidden' name='gform_target_page_number_26' id='gform_target_page_number_26' value='0' \/>\n            <input type='hidden' class='gform_hidden' name='gform_source_page_number_26' id='gform_source_page_number_26' value='1' \/>\n            <input type='hidden' name='gform_field_values' value='' \/>\n            \n        <\/div>\n                        <\/form>\n                        <\/div>\n        <\/div><div class=\"column one_third thirdsc\">             \n            <h2 style=\"margin-top: 0px; border-top: none; padding-top: 0px;\">Project<\/h2>\n<p>Would you like to learn about a specific real estate market or acquire property in one of the cities or regions of the world where our teams are present? How about taking advantage of our international network in order to optimize your sale? Or are you looking for a villa or a dream chalet to spend an amazing holiday?<\/p>\n<h2>We\u2019ll take care of it<\/h2>\n<p>Share your project with us. We'll put you in touch with our real estate teams, our concierge services, and our real estate agents.<\/p>\n<h2>Trust us<\/h2>\n<p>Since 1984, BARNES has been a trusted partner to thousands of international clients who are interested in real estate and looking for unique services and properties on the market.<br \/>\n        <\/div><\/div>\n<div style=\"opacity: 0.8; text-align: center; padding-left: 5%; padding-right: 5%;\">Paris | London | New York | Courchevel | Madrid | Miami | Brussels | Barcelone | Lisbon | Fribourg | Crans-Montana | Sion | Bussigny | Lutry | Mies | Montreux | Morges | Los Angeles | Rolle | Vevey | Lugano | Gstaad | Verbier | Yverdon | Geneva | Lausanne | Hauts de Seine | Neuilly | Val-de-Marne | Yvelines | Versailles | Boulogne | Evian | Meg\u00e8ve | \u00cele de R\u00e9 | Deauville | Bordeaux | Bassin d'Arcachon | Cannes | C\u00f4te Basque | Corsica | Lyon | Lille | P\u00e9rigord | Provence | Saint-Tropez | Mauritius | Morocco | Monaco | Russia | Saint Barts<\/div>\n","protected":false},"excerpt":{"rendered":"<p>Your project Paris | London | New York | Courchevel | Madrid | Miami | Brussels | Barcelone | Lisbon | Fribourg | Crans-Montana | Sion | Bussigny | Lutry | Mies | Montreux | Morges | Los Angeles | Rolle | Vevey | Lugano | Gstaad | Verbier | Yverdon | Geneva | Lausanne | Hauts de Seine | Neuilly | Val-de-Marne | Yvelines | Versailles | Boulogne | Evian | Meg\u00e8ve | \u00cele de R\u00e9 | Deauville | Bordeaux | Bassin d&#8217;Arcachon | Cannes | C\u00f4te Basque | Corsica | Lyon | Lille | P\u00e9rigord | Provence | [&hellip;]<\/p>\n","protected":false},"author":1,"featured_media":17625,"parent":0,"menu_order":0,"comment_status":"closed","ping_status":"closed","template":"page-contact.php","meta":[],"yoast_head":"<!-- This site is optimized with the Yoast SEO Premium plugin v16.4 (Yoast SEO v16.4) - https:\/\/yoast.com\/wordpress\/plugins\/seo\/ -->\n<title>SoBarnes - Your project to buy, sell, or rent exceptional properties<\/title>\n<meta name=\"description\" content=\"Share your project with us. We&#039;ll put you in touch with our real estate team, our concierge services.\" \/>\n<meta name=\"robots\" content=\"index, follow, max-snippet:-1, max-image-preview:large, max-video-preview:-1\" \/>\n<link rel=\"canonical\" href=\"https:\/\/sobarnes.com\/en\/your-project\/\" \/>\n<meta property=\"og:locale\" content=\"en_US\" \/>\n<meta property=\"og:type\" content=\"article\" \/>\n<meta property=\"og:title\" content=\"Your project\" \/>\n<meta property=\"og:description\" content=\"Share your project with us. We&#039;ll put you in touch with our real estate team, our concierge services.\" \/>\n<meta property=\"og:url\" content=\"https:\/\/sobarnes.com\/en\/your-project\/\" \/>\n<meta property=\"og:site_name\" content=\"SoBarnes\" \/>\n<meta property=\"article:publisher\" content=\"https:\/\/www.facebook.com\/SoBarnes\/\" \/>\n<meta property=\"article:modified_time\" content=\"2019-05-08T17:27:35+00:00\" \/>\n<meta property=\"og:image\" content=\"https:\/\/sobarnes.com\/wp-content\/uploads\/2016\/12\/so-barnes-votre-projet-immobilier.jpg\" \/>\n\t<meta property=\"og:image:width\" content=\"1600\" \/>\n\t<meta property=\"og:image:height\" content=\"1096\" \/>\n<meta name=\"twitter:card\" content=\"summary_large_image\" \/>\n<meta name=\"twitter:site\" content=\"@So___Barnes\" \/>\n<meta name=\"twitter:label1\" content=\"Est. reading time\" \/>\n\t<meta name=\"twitter:data1\" content=\"1 minute\" \/>\n<script type=\"application\/ld+json\" class=\"yoast-schema-graph\">{\"@context\":\"https:\/\/schema.org\",\"@graph\":[{\"@type\":\"Organization\",\"@id\":\"https:\/\/sobarnes.com\/en\/#organization\",\"name\":\"SoBarnes - Vivre dans un Monde de Luxe - Lieux d'exception, Propri\\u00e9t\\u00e9s\",\"url\":\"https:\/\/sobarnes.com\/en\/\",\"sameAs\":[\"https:\/\/www.facebook.com\/SoBarnes\/\",\"https:\/\/www.instagram.com\/so___barnes\/\",\"https:\/\/twitter.com\/So___Barnes\"],\"logo\":{\"@type\":\"ImageObject\",\"@id\":\"https:\/\/sobarnes.com\/en\/#logo\",\"inLanguage\":\"en-US\",\"url\":\"https:\/\/sobarnes.com\/wp-content\/uploads\/2016\/12\/so-barnes-about-us.png\",\"contentUrl\":\"https:\/\/sobarnes.com\/wp-content\/uploads\/2016\/12\/so-barnes-about-us.png\",\"width\":\"1110\",\"height\":\"307\",\"caption\":\"SoBarnes - Vivre dans un Monde de Luxe - Lieux d'exception, Propri\\u00e9t\\u00e9s\"},\"image\":{\"@id\":\"https:\/\/sobarnes.com\/en\/#logo\"}},{\"@type\":\"WebSite\",\"@id\":\"https:\/\/sobarnes.com\/en\/#website\",\"url\":\"https:\/\/sobarnes.com\/en\/\",\"name\":\"SoBarnes\",\"description\":\"Worldwide Luxury Guide\",\"publisher\":{\"@id\":\"https:\/\/sobarnes.com\/en\/#organization\"},\"potentialAction\":[{\"@type\":\"SearchAction\",\"target\":\"https:\/\/sobarnes.com\/en\/?s={search_term_string}\",\"query-input\":\"required name=search_term_string\"}],\"inLanguage\":\"en-US\"},{\"@type\":\"ImageObject\",\"@id\":\"https:\/\/sobarnes.com\/en\/your-project\/#primaryimage\",\"inLanguage\":\"en-US\",\"url\":\"https:\/\/sobarnes.com\/wp-content\/uploads\/2016\/12\/so-barnes-votre-projet-immobilier.jpg\",\"contentUrl\":\"https:\/\/sobarnes.com\/wp-content\/uploads\/2016\/12\/so-barnes-votre-projet-immobilier.jpg\",\"width\":1600,\"height\":1096},{\"@type\":\"WebPage\",\"@id\":\"https:\/\/sobarnes.com\/en\/your-project\/#webpage\",\"url\":\"https:\/\/sobarnes.com\/en\/your-project\/\",\"name\":\"SoBarnes - Your project to buy, sell, or rent exceptional properties\",\"isPartOf\":{\"@id\":\"https:\/\/sobarnes.com\/en\/#website\"},\"primaryImageOfPage\":{\"@id\":\"https:\/\/sobarnes.com\/en\/your-project\/#primaryimage\"},\"datePublished\":\"2016-12-05T00:41:51+00:00\",\"dateModified\":\"2019-05-08T17:27:35+00:00\",\"description\":\"Share your project with us. We'll put you in touch with our real estate team, our concierge services.\",\"breadcrumb\":{\"@id\":\"https:\/\/sobarnes.com\/en\/your-project\/#breadcrumb\"},\"inLanguage\":\"en-US\",\"potentialAction\":[{\"@type\":\"ReadAction\",\"target\":[\"https:\/\/sobarnes.com\/en\/your-project\/\"]}]},{\"@type\":\"BreadcrumbList\",\"@id\":\"https:\/\/sobarnes.com\/en\/your-project\/#breadcrumb\",\"itemListElement\":[{\"@type\":\"ListItem\",\"position\":1,\"item\":{\"@type\":\"WebPage\",\"@id\":\"https:\/\/sobarnes.com\/en\/\",\"url\":\"https:\/\/sobarnes.com\/en\/\",\"name\":\"Accueil\"}},{\"@type\":\"ListItem\",\"position\":2,\"item\":{\"@id\":\"https:\/\/sobarnes.com\/en\/your-project\/#webpage\"}}]}]}<\/script>\n<!-- \/ Yoast SEO Premium plugin. -->","_links":{"self":[{"href":"https:\/\/sobarnes.com\/en\/wp-json\/wp\/v2\/pages\/15923"}],"collection":[{"href":"https:\/\/sobarnes.com\/en\/wp-json\/wp\/v2\/pages"}],"about":[{"href":"https:\/\/sobarnes.com\/en\/wp-json\/wp\/v2\/types\/page"}],"author":[{"embeddable":true,"href":"https:\/\/sobarnes.com\/en\/wp-json\/wp\/v2\/users\/1"}],"replies":[{"embeddable":true,"href":"https:\/\/sobarnes.com\/en\/wp-json\/wp\/v2\/comments?post=15923"}],"version-history":[{"count":0,"href":"https:\/\/sobarnes.com\/en\/wp-json\/wp\/v2\/pages\/15923\/revisions"}],"wp:featuredmedia":[{"embeddable":true,"href":"https:\/\/sobarnes.com\/en\/wp-json\/wp\/v2\/media\/17625"}],"wp:attachment":[{"href":"https:\/\/sobarnes.com\/en\/wp-json\/wp\/v2\/media?parent=15923"}],"curies":[{"name":"wp","href":"https:\/\/api.w.org\/{rel}","templated":true}]}}